{"id":69843,"date":"2023-06-15T11:47:56","date_gmt":"2023-06-15T11:47:56","guid":{"rendered":"http:\/\/192.168.0.134:10011\/?page_id=69843"},"modified":"2024-09-29T22:57:27","modified_gmt":"2024-09-29T22:57:27","slug":"contact-us","status":"publish","type":"page","link":"https:\/\/isoluxrepair.com\/de\/contact-us\/","title":{"rendered":"Contactez-nous"},"content":{"rendered":"<div data-elementor-type=\"wp-page\" data-elementor-id=\"69843\" class=\"elementor elementor-69843\" data-elementor-post-type=\"page\">\n\t\t\t\t<div class=\"default no-position show_shadow elementor-element elementor-element-725e9d1 e-flex e-con-boxed e-con e-parent\" data-id=\"725e9d1\" data-element_type=\"container\">\n\t\t\t\t\t<div class=\"e-con-inner\">\n\t\t<div class=\"default no-position show_shadow elementor-element elementor-element-81130dc e-con-full e-flex e-con e-child\" data-id=\"81130dc\" data-element_type=\"container\">\n\t\t\t\t<\/div>\n\t\t<div class=\"default no-position show_shadow elementor-element elementor-element-123159c e-con-full e-flex e-con e-child\" data-id=\"123159c\" data-element_type=\"container\">\n\t\t\t\t<div class=\"elementor-element elementor-element-689c83f elementor-button-align-center elementor-widget elementor-widget-form\" data-id=\"689c83f\" data-element_type=\"widget\" data-settings=\"{&quot;step_next_label&quot;:&quot;Next&quot;,&quot;step_previous_label&quot;:&quot;Previous&quot;,&quot;button_width&quot;:&quot;100&quot;,&quot;step_type&quot;:&quot;number_text&quot;,&quot;step_icon_shape&quot;:&quot;circle&quot;}\" data-widget_type=\"form.default\">\n\t\t\t\t<div class=\"elementor-widget-container\">\n\t\t\t\t\t\t\t<form class=\"elementor-form\" method=\"post\" name=\"New Form\" action=\"\">\n\t\t\t<input type=\"hidden\" name=\"post_id\" value=\"69843\"\/>\n\t\t\t<input type=\"hidden\" name=\"form_id\" value=\"689c83f\"\/>\n\t\t\t<input type=\"hidden\" name=\"referer_title\" value=\"Isolux Repair\" \/>\n\n\t\t\t\n\t\t\t<div class=\"elementor-form-fields-wrapper elementor-labels-above\">\n\t\t\t\t\t\t\t\t<div class=\"elementor-field-type-text elementor-field-group elementor-column elementor-field-group-fname elementor-col-50 elementor-field-required elementor-mark-required\">\n\t\t\t\t\t\t\t\t\t\t\t\t<label for=\"form-field-fname\" class=\"elementor-field-label\">\n\t\t\t\t\t\t\t\tVorname\t\t\t\t\t\t\t<\/label>\n\t\t\t\t\t\t\t\t\t\t\t\t\t\t<input size=\"1\" type=\"text\" name=\"form_fields[fname]\" id=\"form-field-fname\" class=\"elementor-field elementor-size-sm  elementor-field-textual\" placeholder=\"Vorname\" required=\"required\">\n\t\t\t\t\t\t\t\t\t\t\t<\/div>\n\t\t\t\t\t\t\t\t<div class=\"elementor-field-type-text elementor-field-group elementor-column elementor-field-group-lfname elementor-col-50 elementor-field-required elementor-mark-required\">\n\t\t\t\t\t\t\t\t\t\t\t\t<label for=\"form-field-lfname\" class=\"elementor-field-label\">\n\t\t\t\t\t\t\t\tFamilienname, Nachname\t\t\t\t\t\t\t<\/label>\n\t\t\t\t\t\t\t\t\t\t\t\t\t\t<input size=\"1\" type=\"text\" name=\"form_fields[lfname]\" id=\"form-field-lfname\" class=\"elementor-field elementor-size-sm  elementor-field-textual\" placeholder=\"Familienname, Nachname\" required=\"required\">\n\t\t\t\t\t\t\t\t\t\t\t<\/div>\n\t\t\t\t\t\t\t\t<div class=\"elementor-field-type-email elementor-field-group elementor-column elementor-field-group-field_4042dc5 elementor-col-100 elementor-field-required elementor-mark-required\">\n\t\t\t\t\t\t\t\t\t\t\t\t<label for=\"form-field-field_4042dc5\" class=\"elementor-field-label\">\n\t\t\t\t\t\t\t\tE-mail\t\t\t\t\t\t\t<\/label>\n\t\t\t\t\t\t\t\t\t\t\t\t\t\t<input size=\"1\" type=\"email\" name=\"form_fields[field_4042dc5]\" id=\"form-field-field_4042dc5\" class=\"elementor-field elementor-size-sm  elementor-field-textual\" placeholder=\"E-mail\" required=\"required\">\n\t\t\t\t\t\t\t\t\t\t\t<\/div>\n\t\t\t\t\t\t\t\t<div class=\"elementor-field-type-tel elementor-field-group elementor-column elementor-field-group-field_4b03e10A elementor-col-100 elementor-field-required elementor-mark-required\">\n\t\t\t\t\t\t\t\t\t\t\t\t<label for=\"form-field-field_4b03e10A\" class=\"elementor-field-label\">\n\t\t\t\t\t\t\t\tTelefonnummer\t\t\t\t\t\t\t<\/label>\n\t\t\t\t\t\t\t\t<input size=\"1\" type=\"tel\" name=\"form_fields[field_4b03e10A]\" id=\"form-field-field_4b03e10A\" class=\"elementor-field elementor-size-sm  elementor-field-textual\" placeholder=\"Telefonnummer\" required=\"required\" pattern=\"[0-9()#&amp;+*-=.]+\" title=\"Only numbers and phone characters (#, -, *, etc) are accepted.\">\n\n\t\t\t\t\t\t<\/div>\n\t\t\t\t\t\t\t\t<div class=\"elementor-field-type-text elementor-field-group elementor-column elementor-field-group-Address elementor-col-100 elementor-field-required elementor-mark-required\">\n\t\t\t\t\t\t\t\t\t\t\t\t<label for=\"form-field-Address\" class=\"elementor-field-label\">\n\t\t\t\t\t\t\t\tThema\t\t\t\t\t\t\t<\/label>\n\t\t\t\t\t\t\t\t\t\t\t\t\t\t<input size=\"1\" type=\"text\" name=\"form_fields[Address]\" id=\"form-field-Address\" class=\"elementor-field elementor-size-sm  elementor-field-textual\" placeholder=\"Thema\" required=\"required\">\n\t\t\t\t\t\t\t\t\t\t\t<\/div>\n\t\t\t\t\t\t\t\t<div class=\"elementor-field-type-textarea elementor-field-group elementor-column elementor-field-group-field_14b18be elementor-col-100 elementor-field-required elementor-mark-required\">\n\t\t\t\t\t\t\t\t\t\t\t\t<label for=\"form-field-field_14b18be\" class=\"elementor-field-label\">\n\t\t\t\t\t\t\t\tMessage\t\t\t\t\t\t\t<\/label>\n\t\t\t\t\t\t<textarea class=\"elementor-field-textual elementor-field  elementor-size-sm\" name=\"form_fields[field_14b18be]\" id=\"form-field-field_14b18be\" rows=\"4\" placeholder=\"Message\" required=\"required\"><\/textarea>\t\t\t\t<\/div>\n\t\t\t\t\t\t\t\t<div class=\"elementor-field-type-recaptcha_v3 elementor-field-group elementor-column elementor-field-group-field_52c9cca elementor-col-100 recaptcha_v3-inline\">\n\t\t\t\t\t<div class=\"elementor-field\" id=\"form-field-field_52c9cca\"><div class=\"elementor-g-recaptcha\" data-sitekey=\"6Lf451IqAAAAADFwLbzOQAKsBihXPDd85xMRYE2l\" data-type=\"v3\" data-action=\"Form\" data-badge=\"inline\" data-size=\"invisible\"><\/div><\/div>\t\t\t\t<\/div>\n\t\t\t\t\t\t\t\t<div class=\"elementor-field-group elementor-column elementor-field-type-submit elementor-col-100 e-form__buttons\">\n\t\t\t\t\t<button class=\"elementor-button elementor-size-lg\" type=\"submit\">\n\t\t\t\t\t\t<span class=\"elementor-button-content-wrapper\">\n\t\t\t\t\t\t\t\t\t\t\t\t\t\t\t\t\t\t\t\t\t\t<span class=\"elementor-button-text\">EINREICHEN<\/span>\n\t\t\t\t\t\t\t\t\t\t\t\t\t<\/span>\n\t\t\t\t\t<\/button>\n\t\t\t\t<\/div>\n\t\t\t<\/div>\n\t\t<input type=\"hidden\" name=\"trp-form-language\" value=\"de\"\/><\/form>\n\t\t\t\t\t\t<\/div>\n\t\t\t\t<\/div>\n\t\t\t\t<\/div>\n\t\t<div class=\"default no-position show_shadow elementor-element elementor-element-a82687a e-con-full e-flex e-con e-child\" data-id=\"a82687a\" data-element_type=\"container\">\n\t\t\t\t<\/div>\n\t\t\t\t\t<\/div>\n\t\t\t\t<\/div>\n\t\t\t\t<\/div>","protected":false},"excerpt":{"rendered":"","protected":false},"author":1,"featured_media":0,"parent":0,"menu_order":0,"comment_status":"closed","ping_status":"closed","template":"elementor_header_footer","meta":{"footnotes":""},"class_list":["post-69843","page","type-page","status-publish","hentry"],"yoast_head":"<!-- This site is optimized with the Yoast SEO plugin v25.0 - https:\/\/yoast.com\/wordpress\/plugins\/seo\/ -->\n<title>Contact Us - Isolux Repair<\/title>\n<meta name=\"description\" content=\"Isolux repair est une soci\u00e9t\u00e9 de r\u00e9paration, de d\u00e9pannage de fen\u00eatres en bois, aluminium et pvc. La soci\u00e9t\u00e9 s occupe \u00e9galement \u00e9galement des portes en bois, pvc et aluminium, des coulissants translations en bois pvc et aluminium, et des coulissants levant. La soci\u00e9t\u00e9 de r\u00e9paration et de d\u00e9pannage s occupe \u00e9galement du d\u00e9pannage des volets roulants en pvc ou aluminium ou bois sangle cordon automatique motoris\u00e9 . Nous faisons \u00e9galement la pose de nouveau volets roulants. Des interventions rapide \u00e9conomique et efficace. Nous effectuons les entretiens de vos ch\u00e2ssis pour vous \u00e9viter les probl\u00e8mes de quincaillerie. Restauration de ch\u00e2ssis bois. Entretient de portes de garage tablier. R\u00e9fection de joint de cillicone pour garantir votre \u00e9tanch\u00e9it\u00e9 remplacement des joints caoutchouc pour \u00e9viter les entr\u00e9es d aire les entr\u00e9es d eau et les entr\u00e9es de froid. R\u00e9cup\u00e9rer une isolation confortable chez vous. R\u00e9paration de poign\u00e9es ( clinches ), remplacement de poign\u00e9e et de cremone,Remplacement de vitrage. R\u00e9parations de montant de ch\u00e2ssis bois pvc et aluminium. Pour avoir une maison isol\u00e9. Avoir un bon peb ( certificat energetique ). Certificat vert remplacement de ch\u00e2ssis remplacement d isolation remplacement de fen\u00eatres de portes Belgique luxembourg hollande Province du haineaut province du Luxembourg r\u00e9gion Bruxelles capitale province de liege namur gand Anvers brabant wallon brabant flamand Flandre genk charleroi tournay ostende brugges arlon marche ath eupen verviers la panne blankenberg nieuwport Nouveau ch\u00e2ssis et ancien ch\u00e2ssis appartement maison immeuble h\u00f4tel immeuble\" \/>\n<meta name=\"robots\" content=\"index, follow, max-snippet:-1, max-image-preview:large, max-video-preview:-1\" \/>\n<link rel=\"canonical\" href=\"https:\/\/isoluxrepair.com\/de\/contact-us\/\" \/>\n<meta property=\"og:locale\" content=\"de_DE\" \/>\n<meta property=\"og:type\" content=\"article\" \/>\n<meta property=\"og:title\" content=\"Contact Us - Isolux Repair\" \/>\n<meta property=\"og:description\" content=\"Isolux repair est une soci\u00e9t\u00e9 de r\u00e9paration, de d\u00e9pannage de fen\u00eatres en bois, aluminium et pvc. La soci\u00e9t\u00e9 s occupe \u00e9galement \u00e9galement des portes en bois, pvc et aluminium, des coulissants translations en bois pvc et aluminium, et des coulissants levant. La soci\u00e9t\u00e9 de r\u00e9paration et de d\u00e9pannage s occupe \u00e9galement du d\u00e9pannage des volets roulants en pvc ou aluminium ou bois sangle cordon automatique motoris\u00e9 . Nous faisons \u00e9galement la pose de nouveau volets roulants. Des interventions rapide \u00e9conomique et efficace. Nous effectuons les entretiens de vos ch\u00e2ssis pour vous \u00e9viter les probl\u00e8mes de quincaillerie. Restauration de ch\u00e2ssis bois. Entretient de portes de garage tablier. R\u00e9fection de joint de cillicone pour garantir votre \u00e9tanch\u00e9it\u00e9 remplacement des joints caoutchouc pour \u00e9viter les entr\u00e9es d aire les entr\u00e9es d eau et les entr\u00e9es de froid. R\u00e9cup\u00e9rer une isolation confortable chez vous. R\u00e9paration de poign\u00e9es ( clinches ), remplacement de poign\u00e9e et de cremone,Remplacement de vitrage. R\u00e9parations de montant de ch\u00e2ssis bois pvc et aluminium. Pour avoir une maison isol\u00e9. Avoir un bon peb ( certificat energetique ). Certificat vert remplacement de ch\u00e2ssis remplacement d isolation remplacement de fen\u00eatres de portes Belgique luxembourg hollande Province du haineaut province du Luxembourg r\u00e9gion Bruxelles capitale province de liege namur gand Anvers brabant wallon brabant flamand Flandre genk charleroi tournay ostende brugges arlon marche ath eupen verviers la panne blankenberg nieuwport Nouveau ch\u00e2ssis et ancien ch\u00e2ssis appartement maison immeuble h\u00f4tel immeuble\" \/>\n<meta property=\"og:url\" content=\"https:\/\/isoluxrepair.com\/de\/contact-us\/\" \/>\n<meta property=\"og:site_name\" content=\"Isolux Repair\" \/>\n<meta property=\"article:modified_time\" content=\"2024-09-29T22:57:27+00:00\" \/>\n<meta name=\"twitter:card\" content=\"summary_large_image\" \/>\n<meta name=\"twitter:label1\" content=\"Gesch\u00e4tzte Lesezeit\" \/>\n\t<meta name=\"twitter:data1\" content=\"1\u00a0Minute\" \/>\n<script type=\"application\/ld+json\" class=\"yoast-schema-graph\">{\"@context\":\"https:\/\/schema.org\",\"@graph\":[{\"@type\":\"WebPage\",\"@id\":\"https:\/\/isoluxrepair.com\/en\/contact-us\/\",\"url\":\"https:\/\/isoluxrepair.com\/en\/contact-us\/\",\"name\":\"Contact Us - Isolux Repair\",\"isPartOf\":{\"@id\":\"https:\/\/isoluxrepair.com\/en\/#website\"},\"datePublished\":\"2023-06-15T11:47:56+00:00\",\"dateModified\":\"2024-09-29T22:57:27+00:00\",\"description\":\"Isolux repair est une soci\u00e9t\u00e9 de r\u00e9paration, de d\u00e9pannage de fen\u00eatres en bois, aluminium et pvc. La soci\u00e9t\u00e9 s occupe \u00e9galement \u00e9galement des portes en bois, pvc et aluminium, des coulissants translations en bois pvc et aluminium, et des coulissants levant. La soci\u00e9t\u00e9 de r\u00e9paration et de d\u00e9pannage s occupe \u00e9galement du d\u00e9pannage des volets roulants en pvc ou aluminium ou bois sangle cordon automatique motoris\u00e9 . Nous faisons \u00e9galement la pose de nouveau volets roulants. Des interventions rapide \u00e9conomique et efficace. Nous effectuons les entretiens de vos ch\u00e2ssis pour vous \u00e9viter les probl\u00e8mes de quincaillerie. Restauration de ch\u00e2ssis bois. Entretient de portes de garage tablier. R\u00e9fection de joint de cillicone pour garantir votre \u00e9tanch\u00e9it\u00e9 remplacement des joints caoutchouc pour \u00e9viter les entr\u00e9es d aire les entr\u00e9es d eau et les entr\u00e9es de froid. R\u00e9cup\u00e9rer une isolation confortable chez vous. R\u00e9paration de poign\u00e9es ( clinches ), remplacement de poign\u00e9e et de cremone,Remplacement de vitrage. R\u00e9parations de montant de ch\u00e2ssis bois pvc et aluminium. Pour avoir une maison isol\u00e9. Avoir un bon peb ( certificat energetique ). Certificat vert remplacement de ch\u00e2ssis remplacement d isolation remplacement de fen\u00eatres de portes Belgique luxembourg hollande Province du haineaut province du Luxembourg r\u00e9gion Bruxelles capitale province de liege namur gand Anvers brabant wallon brabant flamand Flandre genk charleroi tournay ostende brugges arlon marche ath eupen verviers la panne blankenberg nieuwport Nouveau ch\u00e2ssis et ancien ch\u00e2ssis appartement maison immeuble h\u00f4tel immeuble\",\"breadcrumb\":{\"@id\":\"https:\/\/isoluxrepair.com\/en\/contact-us\/#breadcrumb\"},\"inLanguage\":\"de\",\"potentialAction\":[{\"@type\":\"ReadAction\",\"target\":[\"https:\/\/isoluxrepair.com\/en\/contact-us\/\"]}]},{\"@type\":\"BreadcrumbList\",\"@id\":\"https:\/\/isoluxrepair.com\/en\/contact-us\/#breadcrumb\",\"itemListElement\":[{\"@type\":\"ListItem\",\"position\":1,\"name\":\"Home\",\"item\":\"https:\/\/isoluxrepair.com\/\"},{\"@type\":\"ListItem\",\"position\":2,\"name\":\"Contact Us\"}]},{\"@type\":\"WebSite\",\"@id\":\"https:\/\/isoluxrepair.com\/en\/#website\",\"url\":\"https:\/\/isoluxrepair.com\/en\/\",\"name\":\"Isolux Repair\",\"description\":\"\",\"potentialAction\":[{\"@type\":\"SearchAction\",\"target\":{\"@type\":\"EntryPoint\",\"urlTemplate\":\"https:\/\/isoluxrepair.com\/en\/?s={search_term_string}\"},\"query-input\":{\"@type\":\"PropertyValueSpecification\",\"valueRequired\":true,\"valueName\":\"search_term_string\"}}],\"inLanguage\":\"de\"}]}<\/script>\n<!-- \/ Yoast SEO plugin. -->","yoast_head_json":{"title":"Contact Us - Isolux Repair","description":"Isolux repair est une soci\u00e9t\u00e9 de r\u00e9paration, de d\u00e9pannage de fen\u00eatres en bois, aluminium et pvc. La soci\u00e9t\u00e9 s occupe \u00e9galement \u00e9galement des portes en bois, pvc et aluminium, des coulissants translations en bois pvc et aluminium, et des coulissants levant. La soci\u00e9t\u00e9 de r\u00e9paration et de d\u00e9pannage s occupe \u00e9galement du d\u00e9pannage des volets roulants en pvc ou aluminium ou bois sangle cordon automatique motoris\u00e9 . Nous faisons \u00e9galement la pose de nouveau volets roulants. Des interventions rapide \u00e9conomique et efficace. Nous effectuons les entretiens de vos ch\u00e2ssis pour vous \u00e9viter les probl\u00e8mes de quincaillerie. Restauration de ch\u00e2ssis bois. Entretient de portes de garage tablier. R\u00e9fection de joint de cillicone pour garantir votre \u00e9tanch\u00e9it\u00e9 remplacement des joints caoutchouc pour \u00e9viter les entr\u00e9es d aire les entr\u00e9es d eau et les entr\u00e9es de froid. R\u00e9cup\u00e9rer une isolation confortable chez vous. R\u00e9paration de poign\u00e9es ( clinches ), remplacement de poign\u00e9e et de cremone,Remplacement de vitrage. R\u00e9parations de montant de ch\u00e2ssis bois pvc et aluminium. Pour avoir une maison isol\u00e9. Avoir un bon peb ( certificat energetique ). Certificat vert remplacement de ch\u00e2ssis remplacement d isolation remplacement de fen\u00eatres de portes Belgique luxembourg hollande Province du haineaut province du Luxembourg r\u00e9gion Bruxelles capitale province de liege namur gand Anvers brabant wallon brabant flamand Flandre genk charleroi tournay ostende brugges arlon marche ath eupen verviers la panne blankenberg nieuwport Nouveau ch\u00e2ssis et ancien ch\u00e2ssis appartement maison immeuble h\u00f4tel immeuble","robots":{"index":"index","follow":"follow","max-snippet":"max-snippet:-1","max-image-preview":"max-image-preview:large","max-video-preview":"max-video-preview:-1"},"canonical":"https:\/\/isoluxrepair.com\/de\/contact-us\/","og_locale":"de_DE","og_type":"article","og_title":"Contact Us - Isolux Repair","og_description":"Isolux repair est une soci\u00e9t\u00e9 de r\u00e9paration, de d\u00e9pannage de fen\u00eatres en bois, aluminium et pvc. La soci\u00e9t\u00e9 s occupe \u00e9galement \u00e9galement des portes en bois, pvc et aluminium, des coulissants translations en bois pvc et aluminium, et des coulissants levant. La soci\u00e9t\u00e9 de r\u00e9paration et de d\u00e9pannage s occupe \u00e9galement du d\u00e9pannage des volets roulants en pvc ou aluminium ou bois sangle cordon automatique motoris\u00e9 . Nous faisons \u00e9galement la pose de nouveau volets roulants. Des interventions rapide \u00e9conomique et efficace. Nous effectuons les entretiens de vos ch\u00e2ssis pour vous \u00e9viter les probl\u00e8mes de quincaillerie. Restauration de ch\u00e2ssis bois. Entretient de portes de garage tablier. R\u00e9fection de joint de cillicone pour garantir votre \u00e9tanch\u00e9it\u00e9 remplacement des joints caoutchouc pour \u00e9viter les entr\u00e9es d aire les entr\u00e9es d eau et les entr\u00e9es de froid. R\u00e9cup\u00e9rer une isolation confortable chez vous. R\u00e9paration de poign\u00e9es ( clinches ), remplacement de poign\u00e9e et de cremone,Remplacement de vitrage. R\u00e9parations de montant de ch\u00e2ssis bois pvc et aluminium. Pour avoir une maison isol\u00e9. Avoir un bon peb ( certificat energetique ). Certificat vert remplacement de ch\u00e2ssis remplacement d isolation remplacement de fen\u00eatres de portes Belgique luxembourg hollande Province du haineaut province du Luxembourg r\u00e9gion Bruxelles capitale province de liege namur gand Anvers brabant wallon brabant flamand Flandre genk charleroi tournay ostende brugges arlon marche ath eupen verviers la panne blankenberg nieuwport Nouveau ch\u00e2ssis et ancien ch\u00e2ssis appartement maison immeuble h\u00f4tel immeuble","og_url":"https:\/\/isoluxrepair.com\/de\/contact-us\/","og_site_name":"Isolux Repair","article_modified_time":"2024-09-29T22:57:27+00:00","twitter_card":"summary_large_image","twitter_misc":{"Gesch\u00e4tzte Lesezeit":"1\u00a0Minute"},"schema":{"@context":"https:\/\/schema.org","@graph":[{"@type":"WebPage","@id":"https:\/\/isoluxrepair.com\/en\/contact-us\/","url":"https:\/\/isoluxrepair.com\/en\/contact-us\/","name":"Contact Us - Isolux Repair","isPartOf":{"@id":"https:\/\/isoluxrepair.com\/en\/#website"},"datePublished":"2023-06-15T11:47:56+00:00","dateModified":"2024-09-29T22:57:27+00:00","description":"Isolux repair est une soci\u00e9t\u00e9 de r\u00e9paration, de d\u00e9pannage de fen\u00eatres en bois, aluminium et pvc. La soci\u00e9t\u00e9 s occupe \u00e9galement \u00e9galement des portes en bois, pvc et aluminium, des coulissants translations en bois pvc et aluminium, et des coulissants levant. La soci\u00e9t\u00e9 de r\u00e9paration et de d\u00e9pannage s occupe \u00e9galement du d\u00e9pannage des volets roulants en pvc ou aluminium ou bois sangle cordon automatique motoris\u00e9 . Nous faisons \u00e9galement la pose de nouveau volets roulants. Des interventions rapide \u00e9conomique et efficace. Nous effectuons les entretiens de vos ch\u00e2ssis pour vous \u00e9viter les probl\u00e8mes de quincaillerie. Restauration de ch\u00e2ssis bois. Entretient de portes de garage tablier. R\u00e9fection de joint de cillicone pour garantir votre \u00e9tanch\u00e9it\u00e9 remplacement des joints caoutchouc pour \u00e9viter les entr\u00e9es d aire les entr\u00e9es d eau et les entr\u00e9es de froid. R\u00e9cup\u00e9rer une isolation confortable chez vous. R\u00e9paration de poign\u00e9es ( clinches ), remplacement de poign\u00e9e et de cremone,Remplacement de vitrage. R\u00e9parations de montant de ch\u00e2ssis bois pvc et aluminium. Pour avoir une maison isol\u00e9. Avoir un bon peb ( certificat energetique ). Certificat vert remplacement de ch\u00e2ssis remplacement d isolation remplacement de fen\u00eatres de portes Belgique luxembourg hollande Province du haineaut province du Luxembourg r\u00e9gion Bruxelles capitale province de liege namur gand Anvers brabant wallon brabant flamand Flandre genk charleroi tournay ostende brugges arlon marche ath eupen verviers la panne blankenberg nieuwport Nouveau ch\u00e2ssis et ancien ch\u00e2ssis appartement maison immeuble h\u00f4tel immeuble","breadcrumb":{"@id":"https:\/\/isoluxrepair.com\/en\/contact-us\/#breadcrumb"},"inLanguage":"de","potentialAction":[{"@type":"ReadAction","target":["https:\/\/isoluxrepair.com\/en\/contact-us\/"]}]},{"@type":"BreadcrumbList","@id":"https:\/\/isoluxrepair.com\/en\/contact-us\/#breadcrumb","itemListElement":[{"@type":"ListItem","position":1,"name":"Home","item":"https:\/\/isoluxrepair.com\/"},{"@type":"ListItem","position":2,"name":"Contact Us"}]},{"@type":"WebSite","@id":"https:\/\/isoluxrepair.com\/en\/#website","url":"https:\/\/isoluxrepair.com\/en\/","name":"Isolux Repair","description":"","potentialAction":[{"@type":"SearchAction","target":{"@type":"EntryPoint","urlTemplate":"https:\/\/isoluxrepair.com\/en\/?s={search_term_string}"},"query-input":{"@type":"PropertyValueSpecification","valueRequired":true,"valueName":"search_term_string"}}],"inLanguage":"de"}]}},"_links":{"self":[{"href":"https:\/\/isoluxrepair.com\/de\/wp-json\/wp\/v2\/pages\/69843","targetHints":{"allow":["GET"]}}],"collection":[{"href":"https:\/\/isoluxrepair.com\/de\/wp-json\/wp\/v2\/pages"}],"about":[{"href":"https:\/\/isoluxrepair.com\/de\/wp-json\/wp\/v2\/types\/page"}],"author":[{"embeddable":true,"href":"https:\/\/isoluxrepair.com\/de\/wp-json\/wp\/v2\/users\/1"}],"replies":[{"embeddable":true,"href":"https:\/\/isoluxrepair.com\/de\/wp-json\/wp\/v2\/comments?post=69843"}],"version-history":[{"count":91,"href":"https:\/\/isoluxrepair.com\/de\/wp-json\/wp\/v2\/pages\/69843\/revisions"}],"predecessor-version":[{"id":80128,"href":"https:\/\/isoluxrepair.com\/de\/wp-json\/wp\/v2\/pages\/69843\/revisions\/80128"}],"wp:attachment":[{"href":"https:\/\/isoluxrepair.com\/de\/wp-json\/wp\/v2\/media?parent=69843"}],"curies":[{"name":"wp","href":"https:\/\/api.w.org\/{rel}","templated":true}]}}